{"id":544,"date":"2023-12-05T08:51:01","date_gmt":"2023-12-05T07:51:01","guid":{"rendered":"https:\/\/artechrubber.nl\/services\/"},"modified":"2024-08-12T13:19:57","modified_gmt":"2024-08-12T11:19:57","slug":"weitere-dienstleistungen","status":"publish","type":"page","link":"https:\/\/artechrubber.nl\/de\/weitere-dienstleistungen\/","title":{"rendered":"Weitere dienstleistungen"},"content":{"rendered":"<section class=\"block-standard-page-header relative bg-gray-100 py-7 border-b border-gray-200\">\n    <div class=\"container relative px-4 sm:px-6 lg:px-10 xl:px-16 max-w-[85rem]   \">\n    <div class=\"w-full flex flex-col lg:flex-row lg:justify-between lg:items-center\">\n            <div>\n                <h1 class=\"text-ar-secondary font-bold text-2xl text-center lg:text-start\">\n                    Weitere dienstleistungen\n                <\/h1>\n            <\/div>\n                            <div>\n                    <div class=\"breadcrumbs-container\"><span><span><a href=\"https:\/\/artechrubber.nl\/de\/\">Home<\/a><\/span><\/span><\/div>                <\/div>\n                    <\/div>\n<\/div>\n<\/section>\n\n\n\n<div style=\"height:40px\" aria-hidden=\"true\" class=\"wp-block-spacer\"><\/div>\n\n\n\n<div class=\"wp-block-columns is-layout-flex wp-container-core-columns-is-layout-9d6595d7 wp-block-columns-is-layout-flex\">\n<div class=\"wp-block-column is-layout-flow wp-block-column-is-layout-flow\" style=\"flex-basis:66.66%\"><div class=\"block-container\"><div class=\"wp-block-paragraph editor-styles\">\n<h3 class=\"wp-block-heading\">Beschichten<\/h3>\n<\/div><\/div>\n\n<div class=\"block-container\"><div class=\"wp-block-paragraph editor-styles\">\n<p>Wir k\u00f6nnen Ihre Produkte auch beschichtet liefern. Diese Oberfl\u00e4chenbehandlung bietet verschiedene Vorteile: zum einen Verbesserungen bei der Installation und Montage, zum anderen weniger Reibungswiderstand im (semi-) dynamischen Gebrauch.<br>Durch eine optionale Farbbeschichtung sind Ihre Produkte schneller wiederzuerkennen und einfacher zu unterscheiden. Hierdurch werden die grundlegende Materialeigenschaften nicht beeinflusst.<\/p>\n<\/div><\/div>\n\n<div class=\"block-container\"><div class=\"wp-block-paragraph editor-styles\">\n<h3 class=\"wp-block-heading\">Verpacken<\/h3>\n<\/div><\/div>\n\n<div class=\"block-container\"><div class=\"wp-block-paragraph editor-styles\">\n<p>Wir k\u00f6nnen Ihre Produkte einzeln, in definierten Mengen oder im Set zusammen mit anderen Komponenten individuell verpacken und mit Seriennummern oder weiteren Informationen versehen.<\/p>\n<\/div><\/div>\n\n<div class=\"block-container\"><div class=\"wp-block-paragraph editor-styles\">\n<h3 class=\"wp-block-heading\">Logistik<\/h3>\n<\/div><\/div>\n\n<div class=\"block-container\"><div class=\"wp-block-paragraph editor-styles\">\n<p>Artech \u00fcbernimmt f\u00fcr Sie die komplette Bevorratung. Dies ist oft eine gute L\u00f6sung, wenn der Bedarf an unseren Produkten unvorhersehbar ist. Wenn wir Ihren Vorrat verwalten, k\u00f6nnen wir mit effizienten Herstellungsmengen arbeiten.<br>Sprechen Sie mit uns. ARTECH ist offen f\u00fcr Ihre W\u00fcnsche.<\/p>\n<\/div><\/div><\/div>\n\n\n\n<div class=\"wp-block-column is-layout-flow wp-block-column-is-layout-flow\" style=\"flex-basis:33.33%\"><\/div>\n<\/div>\n","protected":false},"excerpt":{"rendered":"<p>Beschichten Wir k\u00f6nnen Ihre Produkte auch beschichtet liefern. Diese Oberfl\u00e4chenbehandlung bietet verschiedene Vorteile: zum einen Verbesserungen bei der Installation und Montage, zum anderen weniger Reibungswiderstand im (semi-) dynamischen Gebrauch.Durch eine optionale Farbbeschichtung sind Ihre Produkte schneller wiederzuerkennen und einfacher zu unterscheiden. Hierdurch werden die grundlegende Materialeigenschaften nicht beeinflusst. Verpacken Wir k\u00f6nnen Ihre Produkte einzeln, in &hellip; <a href=\"https:\/\/artechrubber.nl\/de\/weitere-dienstleistungen\/\">Lees verder<\/a><\/p>\n","protected":false},"author":1,"featured_media":0,"parent":0,"menu_order":26,"comment_status":"closed","ping_status":"closed","template":"","meta":{"_acf_changed":false,"footnotes":""},"class_list":["post-544","page","type-page","status-publish","hentry"],"acf":[],"yoast_head":"<!-- This site is optimized with the Yoast SEO plugin v26.8 - https:\/\/yoast.com\/product\/yoast-seo-wordpress\/ -->\n<title>Weitere dienstleistungen - Artech Rubber<\/title>\n<meta name=\"robots\" content=\"index, follow, max-snippet:-1, max-image-preview:large, max-video-preview:-1\" \/>\n<link rel=\"canonical\" href=\"https:\/\/artechrubber.nl\/de\/weitere-dienstleistungen\/\" \/>\n<meta property=\"og:locale\" content=\"de_DE\" \/>\n<meta property=\"og:type\" content=\"article\" \/>\n<meta property=\"og:title\" content=\"Weitere dienstleistungen - Artech Rubber\" \/>\n<meta property=\"og:description\" content=\"Beschichten Wir k\u00f6nnen Ihre Produkte auch beschichtet liefern. Diese Oberfl\u00e4chenbehandlung bietet verschiedene Vorteile: zum einen Verbesserungen bei der Installation und Montage, zum anderen weniger Reibungswiderstand im (semi-) dynamischen Gebrauch.Durch eine optionale Farbbeschichtung sind Ihre Produkte schneller wiederzuerkennen und einfacher zu unterscheiden. Hierdurch werden die grundlegende Materialeigenschaften nicht beeinflusst. Verpacken Wir k\u00f6nnen Ihre Produkte einzeln, in &hellip; Lees verder\" \/>\n<meta property=\"og:url\" content=\"https:\/\/artechrubber.nl\/de\/weitere-dienstleistungen\/\" \/>\n<meta property=\"og:site_name\" content=\"Artech Rubber\" \/>\n<meta property=\"article:modified_time\" content=\"2024-08-12T11:19:57+00:00\" \/>\n<meta name=\"twitter:card\" content=\"summary_large_image\" \/>\n<meta name=\"twitter:label1\" content=\"Est. reading time\" \/>\n\t<meta name=\"twitter:data1\" content=\"1 minute\" \/>\n<script type=\"application\/ld+json\" class=\"yoast-schema-graph\">{\"@context\":\"https:\/\/schema.org\",\"@graph\":[{\"@type\":\"WebPage\",\"@id\":\"https:\/\/artechrubber.nl\/de\/weitere-dienstleistungen\/\",\"url\":\"https:\/\/artechrubber.nl\/de\/weitere-dienstleistungen\/\",\"name\":\"Weitere dienstleistungen - Artech Rubber\",\"isPartOf\":{\"@id\":\"https:\/\/artechrubber.nl\/de\/#website\"},\"datePublished\":\"2023-12-05T07:51:01+00:00\",\"dateModified\":\"2024-08-12T11:19:57+00:00\",\"breadcrumb\":{\"@id\":\"https:\/\/artechrubber.nl\/de\/weitere-dienstleistungen\/#breadcrumb\"},\"inLanguage\":\"de-DE\",\"potentialAction\":[{\"@type\":\"ReadAction\",\"target\":[\"https:\/\/artechrubber.nl\/de\/weitere-dienstleistungen\/\"]}]},{\"@type\":\"BreadcrumbList\",\"@id\":\"https:\/\/artechrubber.nl\/de\/weitere-dienstleistungen\/#breadcrumb\",\"itemListElement\":[{\"@type\":\"ListItem\",\"position\":1,\"name\":\"Home\",\"item\":\"https:\/\/artechrubber.nl\/de\/\"},{\"@type\":\"ListItem\",\"position\":2,\"name\":\"Weitere dienstleistungen\"}]},{\"@type\":\"WebSite\",\"@id\":\"https:\/\/artechrubber.nl\/de\/#website\",\"url\":\"https:\/\/artechrubber.nl\/de\/\",\"name\":\"Artech Rubber\",\"description\":\"Productie, compoundontwikkeling en matrijzenmakerij onder \u00e9\u00e9n dak\",\"potentialAction\":[{\"@type\":\"SearchAction\",\"target\":{\"@type\":\"EntryPoint\",\"urlTemplate\":\"https:\/\/artechrubber.nl\/de\/?s={search_term_string}\"},\"query-input\":{\"@type\":\"PropertyValueSpecification\",\"valueRequired\":true,\"valueName\":\"search_term_string\"}}],\"inLanguage\":\"de-DE\"}]}<\/script>\n<!-- \/ Yoast SEO plugin. -->","yoast_head_json":{"title":"Weitere dienstleistungen - Artech Rubber","robots":{"index":"index","follow":"follow","max-snippet":"max-snippet:-1","max-image-preview":"max-image-preview:large","max-video-preview":"max-video-preview:-1"},"canonical":"https:\/\/artechrubber.nl\/de\/weitere-dienstleistungen\/","og_locale":"de_DE","og_type":"article","og_title":"Weitere dienstleistungen - Artech Rubber","og_description":"Beschichten Wir k\u00f6nnen Ihre Produkte auch beschichtet liefern. Diese Oberfl\u00e4chenbehandlung bietet verschiedene Vorteile: zum einen Verbesserungen bei der Installation und Montage, zum anderen weniger Reibungswiderstand im (semi-) dynamischen Gebrauch.Durch eine optionale Farbbeschichtung sind Ihre Produkte schneller wiederzuerkennen und einfacher zu unterscheiden. Hierdurch werden die grundlegende Materialeigenschaften nicht beeinflusst. Verpacken Wir k\u00f6nnen Ihre Produkte einzeln, in &hellip; Lees verder","og_url":"https:\/\/artechrubber.nl\/de\/weitere-dienstleistungen\/","og_site_name":"Artech Rubber","article_modified_time":"2024-08-12T11:19:57+00:00","twitter_card":"summary_large_image","twitter_misc":{"Est. reading time":"1 minute"},"schema":{"@context":"https:\/\/schema.org","@graph":[{"@type":"WebPage","@id":"https:\/\/artechrubber.nl\/de\/weitere-dienstleistungen\/","url":"https:\/\/artechrubber.nl\/de\/weitere-dienstleistungen\/","name":"Weitere dienstleistungen - Artech Rubber","isPartOf":{"@id":"https:\/\/artechrubber.nl\/de\/#website"},"datePublished":"2023-12-05T07:51:01+00:00","dateModified":"2024-08-12T11:19:57+00:00","breadcrumb":{"@id":"https:\/\/artechrubber.nl\/de\/weitere-dienstleistungen\/#breadcrumb"},"inLanguage":"de-DE","potentialAction":[{"@type":"ReadAction","target":["https:\/\/artechrubber.nl\/de\/weitere-dienstleistungen\/"]}]},{"@type":"BreadcrumbList","@id":"https:\/\/artechrubber.nl\/de\/weitere-dienstleistungen\/#breadcrumb","itemListElement":[{"@type":"ListItem","position":1,"name":"Home","item":"https:\/\/artechrubber.nl\/de\/"},{"@type":"ListItem","position":2,"name":"Weitere dienstleistungen"}]},{"@type":"WebSite","@id":"https:\/\/artechrubber.nl\/de\/#website","url":"https:\/\/artechrubber.nl\/de\/","name":"Artech Rubber","description":"Productie, compoundontwikkeling en matrijzenmakerij onder \u00e9\u00e9n dak","potentialAction":[{"@type":"SearchAction","target":{"@type":"EntryPoint","urlTemplate":"https:\/\/artechrubber.nl\/de\/?s={search_term_string}"},"query-input":{"@type":"PropertyValueSpecification","valueRequired":true,"valueName":"search_term_string"}}],"inLanguage":"de-DE"}]}},"_links":{"self":[{"href":"https:\/\/artechrubber.nl\/de\/wp-json\/wp\/v2\/pages\/544","targetHints":{"allow":["GET"]}}],"collection":[{"href":"https:\/\/artechrubber.nl\/de\/wp-json\/wp\/v2\/pages"}],"about":[{"href":"https:\/\/artechrubber.nl\/de\/wp-json\/wp\/v2\/types\/page"}],"author":[{"embeddable":true,"href":"https:\/\/artechrubber.nl\/de\/wp-json\/wp\/v2\/users\/1"}],"replies":[{"embeddable":true,"href":"https:\/\/artechrubber.nl\/de\/wp-json\/wp\/v2\/comments?post=544"}],"version-history":[{"count":1,"href":"https:\/\/artechrubber.nl\/de\/wp-json\/wp\/v2\/pages\/544\/revisions"}],"predecessor-version":[{"id":799,"href":"https:\/\/artechrubber.nl\/de\/wp-json\/wp\/v2\/pages\/544\/revisions\/799"}],"wp:attachment":[{"href":"https:\/\/artechrubber.nl\/de\/wp-json\/wp\/v2\/media?parent=544"}],"curies":[{"name":"wp","href":"https:\/\/api.w.org\/{rel}","templated":true}]}}