{"id":586,"date":"2023-12-05T10:54:01","date_gmt":"2023-12-05T09:54:01","guid":{"rendered":"https:\/\/artechrubber.nl\/productie\/"},"modified":"2024-08-12T13:19:53","modified_gmt":"2024-08-12T11:19:53","slug":"production-un-maschinenpark","status":"publish","type":"page","link":"https:\/\/artechrubber.nl\/de\/production-un-maschinenpark\/","title":{"rendered":"Production un Maschinenpark"},"content":{"rendered":"<section class=\"block-standard-page-header relative bg-gray-100 py-7 border-b border-gray-200\">\n    <div class=\"container relative px-4 sm:px-6 lg:px-10 xl:px-16 max-w-[85rem]   \">\n    <div class=\"w-full flex flex-col lg:flex-row lg:justify-between lg:items-center\">\n            <div>\n                <h1 class=\"text-ar-secondary font-bold text-2xl text-center lg:text-start\">\n                    Production un Maschinenpark\n                <\/h1>\n            <\/div>\n                            <div>\n                    <div class=\"breadcrumbs-container\"><span><span><a href=\"https:\/\/artechrubber.nl\/de\/\">Home<\/a><\/span><\/span><\/div>                <\/div>\n                    <\/div>\n<\/div>\n<\/section>\n\n\n\n<div style=\"height:40px\" aria-hidden=\"true\" class=\"wp-block-spacer\"><\/div>\n\n\n\n<div class=\"wp-block-columns is-layout-flex wp-container-core-columns-is-layout-9d6595d7 wp-block-columns-is-layout-flex\">\n<div class=\"wp-block-column is-layout-flow wp-block-column-is-layout-flow\" style=\"flex-basis:66.66%\"><div class=\"block-container\"><div class=\"wp-block-paragraph editor-styles\">\n<h3 class=\"wp-block-heading\">Mehrere Produktionsmethoden<\/h3>\n<\/div><\/div>\n\n<div class=\"block-container\"><div class=\"wp-block-paragraph editor-styles\">\n<p>Um die ben\u00f6tigten Mengen zum besten Preis-Leistungsverh\u00e4ltnis anbieten zu k\u00f6nnen, arbeitet Artech mit verschiedenen Produktionsmethoden: Compression-Moulding, Transfer-Moulding und Injection-Moulding. Jedes dieser Herstellungsverfahren hat spezifische Vorteile. Diese Wahlfreiheit bietet uns die M\u00f6glichkeit, die beste Wahl f\u00fcr Sie zu treffen.<\/p>\n<\/div><\/div>\n\n<div class=\"block-container\"><div class=\"wp-block-paragraph editor-styles\">\n<p>Selbstverst\u00e4ndlich ist es auch m\u00f6glich, die Herstellungsmethode zu \u00e4ndern wenn die Seriengr\u00f6\u00dfe zunimmt oder abnimmt.<\/p>\n<\/div><\/div>\n\n<div class=\"block-container\"><div class=\"wp-block-paragraph editor-styles\">\n<h3 class=\"wp-block-heading\">Compression Molding<\/h3>\n<\/div><\/div>\n\n<div class=\"block-container\"><div class=\"wp-block-paragraph editor-styles\">\n<p>Dies ist die konventionellste Art der Herstellung und hat den Vorteil, dass die Investitionskosten niedrig sind und die Produktion schnell gestartet werden kann. Mit Compression Moulding lassen sich Materialien, die schwierig zu verarbeiten sind (hohe Qualit\u00e4t und hohe Kosten), hervorragend verarbeiten.<br>Bei Artech k\u00f6nnen nahezu alle Materialien auf diese Weise bearbeitet werden.<\/p>\n<\/div><\/div>\n\n<div class=\"block-container\"><div class=\"wp-block-paragraph editor-styles\">\n<h3 class=\"wp-block-heading\">Transfer Injection Molding<\/h3>\n<\/div><\/div>\n\n<div class=\"block-container\"><div class=\"wp-block-paragraph editor-styles\">\n<p>Transferinjektion bietet die Vorteile im Bereich der spezifischen Toleranzverarbeitung und die M\u00f6glichkeit, Gummi dort zu erhalten, wo es gebraucht wird.<\/p>\n<\/div><\/div>\n\n<div class=\"block-container\"><div class=\"wp-block-paragraph editor-styles\">\n<h3 class=\"wp-block-heading\">Injection Molding<\/h3>\n<\/div><\/div>\n\n<div class=\"block-container\"><div class=\"wp-block-paragraph editor-styles\">\n<p>Das automatische Einspritzen von Gummi in die Form mittels eines automatisierten Prozesses bedeutet, dass die anf\u00e4nglichen Investitionskosten etwas h\u00f6her sind. Dies f\u00fchrt jedoch bei gr\u00f6\u00dferen Serien zu einer erheblichen Verk\u00fcrzung der Produktionsvorlaufzeit. Infolgedessen sind die Kosten pro Produkt niedriger und k\u00f6nnen die h\u00f6heren Investitionskosten relativ schnell zur\u00fcckverdient werden.<\/p>\n<\/div><\/div>\n\n<div class=\"block-container\"><div class=\"wp-block-paragraph editor-styles\">\n<p>Artech hat auch eine Auswahl an Maschinen, die halb vollautomatisch laufen k\u00f6nnen und Maschinen, die v\u00f6llig unbemannt arbeiten k\u00f6nnen. Je nach Losgr\u00f6\u00dfe und Produkt treffen wir die optimale Wahl f\u00fcr Sie.<\/p>\n<\/div><\/div>\n\n\n<hr class=\"wp-block-separator has-alpha-channel-opacity is-style-default\"\/>\n\n\n<div class=\"block-container\"><div class=\"wp-block-paragraph editor-styles\">\n<h2 class=\"wp-block-heading\">Unser Maschinenpark<\/h2>\n<\/div><\/div>\n\n<div class=\"block-container\"><div class=\"wp-block-paragraph editor-styles\">\n<h4 class=\"wp-block-heading\">Pressen<\/h4>\n<\/div><\/div>\n\n<div class=\"block-container\"><div class=\"wp-block-paragraph editor-styles\">\n<p>Artech stellt technische Gummiformteile von klein bis sehr gro\u00df her. Mit unseren 55 Pressen und verschiedenen Produktionstechniken k\u00f6nnen wir jedes gew\u00fcnschte Formteil in nahezu allen Materialien herstellen. Unsere kleineren und pr\u00e4zisen Pressen eignen sich f\u00fcr die Herstellung eng tolerierter Teile. Die gro\u00dfen Pressen mit einer maximalen Oberfl\u00e4che von 1200 x 1200 mm produzieren hervorragende Produkte mit gr\u00f6\u00dferen Abmessungen.<\/p>\n<\/div><\/div>\n\n<div class=\"block-container\"><div class=\"wp-block-paragraph editor-styles\">\n<p>Weil wir unterschiedliche Produktionstechniken anwenden k\u00f6nnen, ist Artech in der Lage, sowohl Kleinserien schnell und flexibel zu planen als auch gr\u00f6\u00dfere Serien effizienter und damit kosteng\u00fcnstiger f\u00fcr Sie zu machen.<\/p>\n<\/div><\/div>\n\n<div class=\"block-container\"><div class=\"wp-block-paragraph editor-styles\">\n<h4 class=\"wp-block-heading\">Gummi Vorbereitung und Mischung<\/h4>\n<\/div><\/div>\n\n<div class=\"block-container\"><div class=\"wp-block-paragraph editor-styles\">\n<p>Mit unseren Walzen in verschiedenen Gr\u00f6\u00dfen k\u00f6nnen wir Rohkautschuk vorbereiten, aber auch an spezifische W\u00fcnsche und \/ oder Anforderungen des Kunden oder der Anwendung anpassen. Unsere Kautschuktechniker haben die n\u00f6tige Erfahrung, um Gummi-Mischungen zu adaptieren oder zu entwickeln.<br>F\u00fcr Spezialanfertigungen arbeiten wir mit namhaften Compoundern und verf\u00fcgen au\u00dferdem \u00fcber ein breites Angebot an vorhandenen Werkstoffen. Dar\u00fcber hinaus pflegen wir gute Kontakte zu verschiedenen Polymerherstellern.<br>Auch hier sind wir schnell und flexibel, weil wir viel im eigenen Haus machen k\u00f6nnen .<\/p>\n<\/div><\/div>\n\n<div class=\"block-container\"><div class=\"wp-block-paragraph editor-styles\">\n<h4 class=\"wp-block-heading\">Werkzeugbau\/Formenbau<\/h4>\n<\/div><\/div>\n\n<div class=\"block-container\"><div class=\"wp-block-paragraph editor-styles\">\n<p>Mit unserem eigenen Formenbau erweitern wir unsere Kompetenz: Eigener Werkzeugbau, Kautschukvorbereitung \/ -mischung und Produktion alles unter einem Dach.&nbsp;<\/p>\n<\/div><\/div>\n\n<div class=\"block-container\"><div class=\"wp-block-paragraph editor-styles\">\n<p>In unserer eigenen Werkstatt k\u00f6nnen wir drehen, fr\u00e4sen, Funkenerodieren, bohren und Gewinde schneiden: alles was man braucht, um gute Formen zu machen. Nat\u00fcrlich sind unsere Maschinen CNC-gesteuert, das garantiert die richtige Pr\u00e4zision.<\/p>\n<\/div><\/div>\n\n<div class=\"block-container\"><div class=\"wp-block-paragraph editor-styles\">\n<p>Mit dem Wissen der Verarbeitung von Gummi, verschiedener Produktionstechniken und eigenem Formenbau bietet Artech Rubber ein klarer Vorsprung. Ein Vorsprung durch M\u00f6glichkeiten, Geschwindigkeit und Machbarkeit. Dieser Vorteil bedeutet f\u00fcr den Kunden, dass wir die Produktionstechnik schnell wechseln k\u00f6nnen und ein optimales Preis-Leistungs-Verh\u00e4ltnis bieten.<\/p>\n<\/div><\/div><\/div>\n\n\n\n<div class=\"wp-block-column is-layout-flow wp-block-column-is-layout-flow\" style=\"flex-basis:33.33%\"><div class=\"block-container\"><div class=\"wp-block-paragraph editor-styles\">\n<figure class=\"wp-block-image size-full\"><img decoding=\"async\" width=\"453\" height=\"352\" src=\"https:\/\/artechrubber.nl\/app\/uploads\/2023\/12\/compression-molding.jpeg\" alt=\"Compression molding\" class=\"wp-image-204\" srcset=\"https:\/\/artechrubber.nl\/app\/uploads\/2023\/12\/compression-molding.jpeg 453w, https:\/\/artechrubber.nl\/app\/uploads\/2023\/12\/compression-molding-300x233.jpeg 300w\" sizes=\"(max-width: 453px) 100vw, 453px\" \/><\/figure>\n<\/div><\/div>\n\n\n<div style=\"height:30px\" aria-hidden=\"true\" class=\"wp-block-spacer\"><\/div>\n\n\n<div class=\"block-container\"><div class=\"wp-block-paragraph editor-styles\">\n<figure class=\"wp-block-image size-full\"><img decoding=\"async\" width=\"363\" height=\"350\" src=\"https:\/\/artechrubber.nl\/app\/uploads\/2023\/12\/transfer-molding.png\" alt=\"Transfer molding\" class=\"wp-image-203\" srcset=\"https:\/\/artechrubber.nl\/app\/uploads\/2023\/12\/transfer-molding.png 363w, https:\/\/artechrubber.nl\/app\/uploads\/2023\/12\/transfer-molding-300x289.png 300w\" sizes=\"(max-width: 363px) 100vw, 363px\" \/><\/figure>\n<\/div><\/div>\n\n\n<div style=\"height:30px\" aria-hidden=\"true\" class=\"wp-block-spacer\"><\/div>\n\n\n<div class=\"block-container\"><div class=\"wp-block-paragraph editor-styles\">\n<figure class=\"wp-block-image size-full\"><img decoding=\"async\" width=\"509\" height=\"341\" src=\"https:\/\/artechrubber.nl\/app\/uploads\/2023\/12\/injection-molding.png\" alt=\"Injection molding\" class=\"wp-image-202\" srcset=\"https:\/\/artechrubber.nl\/app\/uploads\/2023\/12\/injection-molding.png 509w, https:\/\/artechrubber.nl\/app\/uploads\/2023\/12\/injection-molding-300x201.png 300w\" sizes=\"(max-width: 509px) 100vw, 509px\" \/><\/figure>\n<\/div><\/div>\n\n\n<div style=\"height:30px\" aria-hidden=\"true\" class=\"wp-block-spacer\"><\/div>\n\n\n<div class=\"block-container\"><div class=\"wp-block-paragraph editor-styles\">\n<figure class=\"wp-block-image size-full\"><img decoding=\"async\" width=\"800\" height=\"648\" src=\"https:\/\/artechrubber.nl\/app\/uploads\/2023\/12\/machine2.jpeg\" alt=\"Machine\" class=\"wp-image-201\" srcset=\"https:\/\/artechrubber.nl\/app\/uploads\/2023\/12\/machine2.jpeg 800w, https:\/\/artechrubber.nl\/app\/uploads\/2023\/12\/machine2-300x243.jpeg 300w, https:\/\/artechrubber.nl\/app\/uploads\/2023\/12\/machine2-768x622.jpeg 768w\" sizes=\"(max-width: 800px) 100vw, 800px\" \/><\/figure>\n<\/div><\/div><\/div>\n<\/div>\n\n\n\n<div style=\"height:40px\" aria-hidden=\"true\" class=\"wp-block-spacer\"><\/div>\n","protected":false},"excerpt":{"rendered":"<p>Mehrere Produktionsmethoden Um die ben\u00f6tigten Mengen zum besten Preis-Leistungsverh\u00e4ltnis anbieten zu k\u00f6nnen, arbeitet Artech mit verschiedenen Produktionsmethoden: Compression-Moulding, Transfer-Moulding und Injection-Moulding. Jedes dieser Herstellungsverfahren hat spezifische Vorteile. Diese Wahlfreiheit bietet uns die M\u00f6glichkeit, die beste Wahl f\u00fcr Sie zu treffen. Selbstverst\u00e4ndlich ist es auch m\u00f6glich, die Herstellungsmethode zu \u00e4ndern wenn die Seriengr\u00f6\u00dfe zunimmt oder abnimmt. &hellip; <a href=\"https:\/\/artechrubber.nl\/de\/production-un-maschinenpark\/\">Lees verder<\/a><\/p>\n","protected":false},"author":1,"featured_media":0,"parent":0,"menu_order":10,"comment_status":"closed","ping_status":"closed","template":"","meta":{"_acf_changed":false,"footnotes":""},"class_list":["post-586","page","type-page","status-publish","hentry"],"acf":[],"yoast_head":"<!-- This site is optimized with the Yoast SEO plugin v26.8 - https:\/\/yoast.com\/product\/yoast-seo-wordpress\/ -->\n<title>Production un Maschinenpark - Artech Rubber<\/title>\n<meta name=\"robots\" content=\"index, follow, max-snippet:-1, max-image-preview:large, max-video-preview:-1\" \/>\n<link rel=\"canonical\" href=\"https:\/\/artechrubber.nl\/de\/production-un-maschinenpark\/\" \/>\n<meta property=\"og:locale\" content=\"de_DE\" \/>\n<meta property=\"og:type\" content=\"article\" \/>\n<meta property=\"og:title\" content=\"Production un Maschinenpark - Artech Rubber\" \/>\n<meta property=\"og:description\" content=\"Mehrere Produktionsmethoden Um die ben\u00f6tigten Mengen zum besten Preis-Leistungsverh\u00e4ltnis anbieten zu k\u00f6nnen, arbeitet Artech mit verschiedenen Produktionsmethoden: Compression-Moulding, Transfer-Moulding und Injection-Moulding. Jedes dieser Herstellungsverfahren hat spezifische Vorteile. Diese Wahlfreiheit bietet uns die M\u00f6glichkeit, die beste Wahl f\u00fcr Sie zu treffen. Selbstverst\u00e4ndlich ist es auch m\u00f6glich, die Herstellungsmethode zu \u00e4ndern wenn die Seriengr\u00f6\u00dfe zunimmt oder abnimmt. &hellip; Lees verder\" \/>\n<meta property=\"og:url\" content=\"https:\/\/artechrubber.nl\/de\/production-un-maschinenpark\/\" \/>\n<meta property=\"og:site_name\" content=\"Artech Rubber\" \/>\n<meta property=\"article:modified_time\" content=\"2024-08-12T11:19:53+00:00\" \/>\n<meta property=\"og:image\" content=\"https:\/\/artechrubber.nl\/app\/uploads\/2023\/12\/compression-molding.jpeg\" \/>\n<meta name=\"twitter:card\" content=\"summary_large_image\" \/>\n<meta name=\"twitter:label1\" content=\"Est. reading time\" \/>\n\t<meta name=\"twitter:data1\" content=\"4 minutes\" \/>\n<script type=\"application\/ld+json\" class=\"yoast-schema-graph\">{\"@context\":\"https:\/\/schema.org\",\"@graph\":[{\"@type\":\"WebPage\",\"@id\":\"https:\/\/artechrubber.nl\/de\/production-un-maschinenpark\/\",\"url\":\"https:\/\/artechrubber.nl\/de\/production-un-maschinenpark\/\",\"name\":\"Production un Maschinenpark - Artech Rubber\",\"isPartOf\":{\"@id\":\"https:\/\/artechrubber.nl\/de\/#website\"},\"primaryImageOfPage\":{\"@id\":\"https:\/\/artechrubber.nl\/de\/production-un-maschinenpark\/#primaryimage\"},\"image\":{\"@id\":\"https:\/\/artechrubber.nl\/de\/production-un-maschinenpark\/#primaryimage\"},\"thumbnailUrl\":\"https:\/\/artechrubber.nl\/app\/uploads\/2023\/12\/compression-molding.jpeg\",\"datePublished\":\"2023-12-05T09:54:01+00:00\",\"dateModified\":\"2024-08-12T11:19:53+00:00\",\"breadcrumb\":{\"@id\":\"https:\/\/artechrubber.nl\/de\/production-un-maschinenpark\/#breadcrumb\"},\"inLanguage\":\"de-DE\",\"potentialAction\":[{\"@type\":\"ReadAction\",\"target\":[\"https:\/\/artechrubber.nl\/de\/production-un-maschinenpark\/\"]}]},{\"@type\":\"ImageObject\",\"inLanguage\":\"de-DE\",\"@id\":\"https:\/\/artechrubber.nl\/de\/production-un-maschinenpark\/#primaryimage\",\"url\":\"https:\/\/artechrubber.nl\/app\/uploads\/2023\/12\/compression-molding.jpeg\",\"contentUrl\":\"https:\/\/artechrubber.nl\/app\/uploads\/2023\/12\/compression-molding.jpeg\"},{\"@type\":\"BreadcrumbList\",\"@id\":\"https:\/\/artechrubber.nl\/de\/production-un-maschinenpark\/#breadcrumb\",\"itemListElement\":[{\"@type\":\"ListItem\",\"position\":1,\"name\":\"Home\",\"item\":\"https:\/\/artechrubber.nl\/de\/\"},{\"@type\":\"ListItem\",\"position\":2,\"name\":\"Production un Maschinenpark\"}]},{\"@type\":\"WebSite\",\"@id\":\"https:\/\/artechrubber.nl\/de\/#website\",\"url\":\"https:\/\/artechrubber.nl\/de\/\",\"name\":\"Artech Rubber\",\"description\":\"Productie, compoundontwikkeling en matrijzenmakerij onder \u00e9\u00e9n dak\",\"potentialAction\":[{\"@type\":\"SearchAction\",\"target\":{\"@type\":\"EntryPoint\",\"urlTemplate\":\"https:\/\/artechrubber.nl\/de\/?s={search_term_string}\"},\"query-input\":{\"@type\":\"PropertyValueSpecification\",\"valueRequired\":true,\"valueName\":\"search_term_string\"}}],\"inLanguage\":\"de-DE\"}]}<\/script>\n<!-- \/ Yoast SEO plugin. -->","yoast_head_json":{"title":"Production un Maschinenpark - Artech Rubber","robots":{"index":"index","follow":"follow","max-snippet":"max-snippet:-1","max-image-preview":"max-image-preview:large","max-video-preview":"max-video-preview:-1"},"canonical":"https:\/\/artechrubber.nl\/de\/production-un-maschinenpark\/","og_locale":"de_DE","og_type":"article","og_title":"Production un Maschinenpark - Artech Rubber","og_description":"Mehrere Produktionsmethoden Um die ben\u00f6tigten Mengen zum besten Preis-Leistungsverh\u00e4ltnis anbieten zu k\u00f6nnen, arbeitet Artech mit verschiedenen Produktionsmethoden: Compression-Moulding, Transfer-Moulding und Injection-Moulding. Jedes dieser Herstellungsverfahren hat spezifische Vorteile. Diese Wahlfreiheit bietet uns die M\u00f6glichkeit, die beste Wahl f\u00fcr Sie zu treffen. Selbstverst\u00e4ndlich ist es auch m\u00f6glich, die Herstellungsmethode zu \u00e4ndern wenn die Seriengr\u00f6\u00dfe zunimmt oder abnimmt. &hellip; Lees verder","og_url":"https:\/\/artechrubber.nl\/de\/production-un-maschinenpark\/","og_site_name":"Artech Rubber","article_modified_time":"2024-08-12T11:19:53+00:00","og_image":[{"url":"https:\/\/artechrubber.nl\/app\/uploads\/2023\/12\/compression-molding.jpeg","type":"","width":"","height":""}],"twitter_card":"summary_large_image","twitter_misc":{"Est. reading time":"4 minutes"},"schema":{"@context":"https:\/\/schema.org","@graph":[{"@type":"WebPage","@id":"https:\/\/artechrubber.nl\/de\/production-un-maschinenpark\/","url":"https:\/\/artechrubber.nl\/de\/production-un-maschinenpark\/","name":"Production un Maschinenpark - Artech Rubber","isPartOf":{"@id":"https:\/\/artechrubber.nl\/de\/#website"},"primaryImageOfPage":{"@id":"https:\/\/artechrubber.nl\/de\/production-un-maschinenpark\/#primaryimage"},"image":{"@id":"https:\/\/artechrubber.nl\/de\/production-un-maschinenpark\/#primaryimage"},"thumbnailUrl":"https:\/\/artechrubber.nl\/app\/uploads\/2023\/12\/compression-molding.jpeg","datePublished":"2023-12-05T09:54:01+00:00","dateModified":"2024-08-12T11:19:53+00:00","breadcrumb":{"@id":"https:\/\/artechrubber.nl\/de\/production-un-maschinenpark\/#breadcrumb"},"inLanguage":"de-DE","potentialAction":[{"@type":"ReadAction","target":["https:\/\/artechrubber.nl\/de\/production-un-maschinenpark\/"]}]},{"@type":"ImageObject","inLanguage":"de-DE","@id":"https:\/\/artechrubber.nl\/de\/production-un-maschinenpark\/#primaryimage","url":"https:\/\/artechrubber.nl\/app\/uploads\/2023\/12\/compression-molding.jpeg","contentUrl":"https:\/\/artechrubber.nl\/app\/uploads\/2023\/12\/compression-molding.jpeg"},{"@type":"BreadcrumbList","@id":"https:\/\/artechrubber.nl\/de\/production-un-maschinenpark\/#breadcrumb","itemListElement":[{"@type":"ListItem","position":1,"name":"Home","item":"https:\/\/artechrubber.nl\/de\/"},{"@type":"ListItem","position":2,"name":"Production un Maschinenpark"}]},{"@type":"WebSite","@id":"https:\/\/artechrubber.nl\/de\/#website","url":"https:\/\/artechrubber.nl\/de\/","name":"Artech Rubber","description":"Productie, compoundontwikkeling en matrijzenmakerij onder \u00e9\u00e9n dak","potentialAction":[{"@type":"SearchAction","target":{"@type":"EntryPoint","urlTemplate":"https:\/\/artechrubber.nl\/de\/?s={search_term_string}"},"query-input":{"@type":"PropertyValueSpecification","valueRequired":true,"valueName":"search_term_string"}}],"inLanguage":"de-DE"}]}},"_links":{"self":[{"href":"https:\/\/artechrubber.nl\/de\/wp-json\/wp\/v2\/pages\/586","targetHints":{"allow":["GET"]}}],"collection":[{"href":"https:\/\/artechrubber.nl\/de\/wp-json\/wp\/v2\/pages"}],"about":[{"href":"https:\/\/artechrubber.nl\/de\/wp-json\/wp\/v2\/types\/page"}],"author":[{"embeddable":true,"href":"https:\/\/artechrubber.nl\/de\/wp-json\/wp\/v2\/users\/1"}],"replies":[{"embeddable":true,"href":"https:\/\/artechrubber.nl\/de\/wp-json\/wp\/v2\/comments?post=586"}],"version-history":[{"count":1,"href":"https:\/\/artechrubber.nl\/de\/wp-json\/wp\/v2\/pages\/586\/revisions"}],"predecessor-version":[{"id":805,"href":"https:\/\/artechrubber.nl\/de\/wp-json\/wp\/v2\/pages\/586\/revisions\/805"}],"wp:attachment":[{"href":"https:\/\/artechrubber.nl\/de\/wp-json\/wp\/v2\/media?parent=586"}],"curies":[{"name":"wp","href":"https:\/\/api.w.org\/{rel}","templated":true}]}}