{"id":594,"date":"2023-12-05T11:05:08","date_gmt":"2023-12-05T10:05:08","guid":{"rendered":"https:\/\/artechrubber.nl\/productie\/injection-molding\/"},"modified":"2023-12-13T14:33:38","modified_gmt":"2023-12-13T13:33:38","slug":"injection-molding","status":"publish","type":"page","link":"https:\/\/artechrubber.nl\/de\/production-un-maschinenpark\/injection-molding\/","title":{"rendered":"Injection Molding"},"content":{"rendered":"<section class=\"block-standard-page-header relative bg-gray-100 py-7 border-b border-gray-200\">\n    <div class=\"container relative px-4 sm:px-6 lg:px-10 xl:px-16 max-w-[85rem]   \">\n    <div class=\"w-full flex flex-col lg:flex-row lg:justify-between lg:items-center\">\n            <div>\n                <h1 class=\"text-ar-secondary font-bold text-2xl text-center lg:text-start\">\n                    Injection Molding\n                <\/h1>\n            <\/div>\n                            <div>\n                    <div class=\"breadcrumbs-container\"><span><span><a href=\"https:\/\/artechrubber.nl\/de\/\">Home<\/a><\/span><\/span><\/div>                <\/div>\n                    <\/div>\n<\/div>\n<\/section>\n\n\n\n<div style=\"height:40px\" aria-hidden=\"true\" class=\"wp-block-spacer\"><\/div>\n\n\n\n<div class=\"wp-block-columns is-layout-flex wp-container-core-columns-is-layout-9d6595d7 wp-block-columns-is-layout-flex\">\n<div class=\"wp-block-column is-layout-flow wp-block-column-is-layout-flow\" style=\"flex-basis:66.66%\"><div class=\"block-container\"><div class=\"wp-block-paragraph editor-styles\">\n<p>Das automatische Einspritzen von Gummi in die Form mittels eines automatisierten Prozesses bedeutet, dass die anf\u00e4nglichen Investitionskosten etwas h\u00f6her sind.<br>Dies f\u00fchrt jedoch bei gr\u00f6\u00dferen Serien zu einer erheblichen Verk\u00fcrzung der Produktionsvorlaufzeit. Infolgedessen sind die Kosten pro Produkt niedriger und k\u00f6nnen die h\u00f6heren Investitionskosten relativ schnell zur\u00fcckverdient werden.<\/p>\n<\/div><\/div>\n\n<div class=\"block-container\"><div class=\"wp-block-paragraph editor-styles\">\n<p>Artech hat auch eine Auswahl an Maschinen, die halb vollautomatisch laufen k\u00f6nnen und Maschinen, die v\u00f6llig unbemannt arbeiten k\u00f6nnen. Je nach Losgr\u00f6\u00dfe und Produkt treffen wir die optimale Wahl f\u00fcr Sie.<\/p>\n<\/div><\/div>\n\n<div class=\"block-container\"><div class=\"wp-block-paragraph editor-styles\">\n<figure class=\"wp-block-embed is-type-video is-provider-youtube wp-block-embed-youtube wp-embed-aspect-16-9 wp-has-aspect-ratio\"><div class=\"wp-block-embed__wrapper\">\n<iframe title=\"Volledig geautomatiseerde serieproductie bij Artech Rubber Zutphen\" width=\"500\" height=\"281\" src=\"https:\/\/www.youtube.com\/embed\/YNw7ADqNDW4?feature=oembed\" frameborder=\"0\" allow=\"accelerometer; autoplay; clipboard-write; encrypted-media; gyroscope; picture-in-picture; web-share\" referrerpolicy=\"strict-origin-when-cross-origin\" allowfullscreen><\/iframe>\n<\/div><\/figure>\n<\/div><\/div><\/div>\n\n\n\n<div class=\"wp-block-column is-layout-flow wp-block-column-is-layout-flow\" style=\"flex-basis:33.33%\"><div class=\"block-container\"><div class=\"wp-block-paragraph editor-styles\">\n<figure class=\"wp-block-image size-full\"><img decoding=\"async\" width=\"509\" height=\"341\" src=\"https:\/\/artechrubber.nl\/app\/uploads\/2023\/12\/injection-molding.png\" alt=\"Injection molding\" class=\"wp-image-202\" srcset=\"https:\/\/artechrubber.nl\/app\/uploads\/2023\/12\/injection-molding.png 509w, https:\/\/artechrubber.nl\/app\/uploads\/2023\/12\/injection-molding-300x201.png 300w\" sizes=\"(max-width: 509px) 100vw, 509px\" \/><\/figure>\n<\/div><\/div><\/div>\n<\/div>\n\n\n\n<div style=\"height:40px\" aria-hidden=\"true\" class=\"wp-block-spacer\"><\/div>\n","protected":false},"excerpt":{"rendered":"<p>Das automatische Einspritzen von Gummi in die Form mittels eines automatisierten Prozesses bedeutet, dass die anf\u00e4nglichen Investitionskosten etwas h\u00f6her sind.Dies f\u00fchrt jedoch bei gr\u00f6\u00dferen Serien zu einer erheblichen Verk\u00fcrzung der Produktionsvorlaufzeit. Infolgedessen sind die Kosten pro Produkt niedriger und k\u00f6nnen die h\u00f6heren Investitionskosten relativ schnell zur\u00fcckverdient werden. Artech hat auch eine Auswahl an Maschinen, die &hellip; <a href=\"https:\/\/artechrubber.nl\/de\/production-un-maschinenpark\/injection-molding\/\">Lees verder<\/a><\/p>\n","protected":false},"author":1,"featured_media":0,"parent":586,"menu_order":3,"comment_status":"closed","ping_status":"closed","template":"","meta":{"_acf_changed":false,"footnotes":""},"class_list":["post-594","page","type-page","status-publish","hentry"],"acf":[],"yoast_head":"<!-- This site is optimized with the Yoast SEO plugin v26.8 - https:\/\/yoast.com\/product\/yoast-seo-wordpress\/ -->\n<title>Injection Molding - Artech Rubber<\/title>\n<meta name=\"robots\" content=\"index, follow, max-snippet:-1, max-image-preview:large, max-video-preview:-1\" \/>\n<link rel=\"canonical\" href=\"https:\/\/artechrubber.nl\/de\/production-un-maschinenpark\/injection-molding\/\" \/>\n<meta property=\"og:locale\" content=\"de_DE\" \/>\n<meta property=\"og:type\" content=\"article\" \/>\n<meta property=\"og:title\" content=\"Injection Molding - Artech Rubber\" \/>\n<meta property=\"og:description\" content=\"Das automatische Einspritzen von Gummi in die Form mittels eines automatisierten Prozesses bedeutet, dass die anf\u00e4nglichen Investitionskosten etwas h\u00f6her sind.Dies f\u00fchrt jedoch bei gr\u00f6\u00dferen Serien zu einer erheblichen Verk\u00fcrzung der Produktionsvorlaufzeit. Infolgedessen sind die Kosten pro Produkt niedriger und k\u00f6nnen die h\u00f6heren Investitionskosten relativ schnell zur\u00fcckverdient werden. Artech hat auch eine Auswahl an Maschinen, die &hellip; Lees verder\" \/>\n<meta property=\"og:url\" content=\"https:\/\/artechrubber.nl\/de\/production-un-maschinenpark\/injection-molding\/\" \/>\n<meta property=\"og:site_name\" content=\"Artech Rubber\" \/>\n<meta property=\"article:modified_time\" content=\"2023-12-13T13:33:38+00:00\" \/>\n<meta property=\"og:image\" content=\"https:\/\/artechrubber.nl\/app\/uploads\/2023\/12\/injection-molding.png\" \/>\n<meta name=\"twitter:card\" content=\"summary_large_image\" \/>\n<meta name=\"twitter:label1\" content=\"Est. reading time\" \/>\n\t<meta name=\"twitter:data1\" content=\"1 minute\" \/>\n<script type=\"application\/ld+json\" class=\"yoast-schema-graph\">{\"@context\":\"https:\/\/schema.org\",\"@graph\":[{\"@type\":\"WebPage\",\"@id\":\"https:\/\/artechrubber.nl\/de\/production-un-maschinenpark\/injection-molding\/\",\"url\":\"https:\/\/artechrubber.nl\/de\/production-un-maschinenpark\/injection-molding\/\",\"name\":\"Injection Molding - Artech Rubber\",\"isPartOf\":{\"@id\":\"https:\/\/artechrubber.nl\/de\/#website\"},\"primaryImageOfPage\":{\"@id\":\"https:\/\/artechrubber.nl\/de\/production-un-maschinenpark\/injection-molding\/#primaryimage\"},\"image\":{\"@id\":\"https:\/\/artechrubber.nl\/de\/production-un-maschinenpark\/injection-molding\/#primaryimage\"},\"thumbnailUrl\":\"https:\/\/artechrubber.nl\/app\/uploads\/2023\/12\/injection-molding.png\",\"datePublished\":\"2023-12-05T10:05:08+00:00\",\"dateModified\":\"2023-12-13T13:33:38+00:00\",\"breadcrumb\":{\"@id\":\"https:\/\/artechrubber.nl\/de\/production-un-maschinenpark\/injection-molding\/#breadcrumb\"},\"inLanguage\":\"de-DE\",\"potentialAction\":[{\"@type\":\"ReadAction\",\"target\":[\"https:\/\/artechrubber.nl\/de\/production-un-maschinenpark\/injection-molding\/\"]}]},{\"@type\":\"ImageObject\",\"inLanguage\":\"de-DE\",\"@id\":\"https:\/\/artechrubber.nl\/de\/production-un-maschinenpark\/injection-molding\/#primaryimage\",\"url\":\"https:\/\/artechrubber.nl\/app\/uploads\/2023\/12\/injection-molding.png\",\"contentUrl\":\"https:\/\/artechrubber.nl\/app\/uploads\/2023\/12\/injection-molding.png\"},{\"@type\":\"BreadcrumbList\",\"@id\":\"https:\/\/artechrubber.nl\/de\/production-un-maschinenpark\/injection-molding\/#breadcrumb\",\"itemListElement\":[{\"@type\":\"ListItem\",\"position\":1,\"name\":\"Home\",\"item\":\"https:\/\/artechrubber.nl\/de\/\"},{\"@type\":\"ListItem\",\"position\":2,\"name\":\"Production un Maschinenpark\",\"item\":\"https:\/\/artechrubber.nl\/de\/production-un-maschinenpark\/\"},{\"@type\":\"ListItem\",\"position\":3,\"name\":\"Injection Molding\"}]},{\"@type\":\"WebSite\",\"@id\":\"https:\/\/artechrubber.nl\/de\/#website\",\"url\":\"https:\/\/artechrubber.nl\/de\/\",\"name\":\"Artech Rubber\",\"description\":\"Productie, compoundontwikkeling en matrijzenmakerij onder \u00e9\u00e9n dak\",\"potentialAction\":[{\"@type\":\"SearchAction\",\"target\":{\"@type\":\"EntryPoint\",\"urlTemplate\":\"https:\/\/artechrubber.nl\/de\/?s={search_term_string}\"},\"query-input\":{\"@type\":\"PropertyValueSpecification\",\"valueRequired\":true,\"valueName\":\"search_term_string\"}}],\"inLanguage\":\"de-DE\"}]}<\/script>\n<!-- \/ Yoast SEO plugin. -->","yoast_head_json":{"title":"Injection Molding - Artech Rubber","robots":{"index":"index","follow":"follow","max-snippet":"max-snippet:-1","max-image-preview":"max-image-preview:large","max-video-preview":"max-video-preview:-1"},"canonical":"https:\/\/artechrubber.nl\/de\/production-un-maschinenpark\/injection-molding\/","og_locale":"de_DE","og_type":"article","og_title":"Injection Molding - Artech Rubber","og_description":"Das automatische Einspritzen von Gummi in die Form mittels eines automatisierten Prozesses bedeutet, dass die anf\u00e4nglichen Investitionskosten etwas h\u00f6her sind.Dies f\u00fchrt jedoch bei gr\u00f6\u00dferen Serien zu einer erheblichen Verk\u00fcrzung der Produktionsvorlaufzeit. Infolgedessen sind die Kosten pro Produkt niedriger und k\u00f6nnen die h\u00f6heren Investitionskosten relativ schnell zur\u00fcckverdient werden. Artech hat auch eine Auswahl an Maschinen, die &hellip; Lees verder","og_url":"https:\/\/artechrubber.nl\/de\/production-un-maschinenpark\/injection-molding\/","og_site_name":"Artech Rubber","article_modified_time":"2023-12-13T13:33:38+00:00","og_image":[{"url":"https:\/\/artechrubber.nl\/app\/uploads\/2023\/12\/injection-molding.png","type":"","width":"","height":""}],"twitter_card":"summary_large_image","twitter_misc":{"Est. reading time":"1 minute"},"schema":{"@context":"https:\/\/schema.org","@graph":[{"@type":"WebPage","@id":"https:\/\/artechrubber.nl\/de\/production-un-maschinenpark\/injection-molding\/","url":"https:\/\/artechrubber.nl\/de\/production-un-maschinenpark\/injection-molding\/","name":"Injection Molding - Artech Rubber","isPartOf":{"@id":"https:\/\/artechrubber.nl\/de\/#website"},"primaryImageOfPage":{"@id":"https:\/\/artechrubber.nl\/de\/production-un-maschinenpark\/injection-molding\/#primaryimage"},"image":{"@id":"https:\/\/artechrubber.nl\/de\/production-un-maschinenpark\/injection-molding\/#primaryimage"},"thumbnailUrl":"https:\/\/artechrubber.nl\/app\/uploads\/2023\/12\/injection-molding.png","datePublished":"2023-12-05T10:05:08+00:00","dateModified":"2023-12-13T13:33:38+00:00","breadcrumb":{"@id":"https:\/\/artechrubber.nl\/de\/production-un-maschinenpark\/injection-molding\/#breadcrumb"},"inLanguage":"de-DE","potentialAction":[{"@type":"ReadAction","target":["https:\/\/artechrubber.nl\/de\/production-un-maschinenpark\/injection-molding\/"]}]},{"@type":"ImageObject","inLanguage":"de-DE","@id":"https:\/\/artechrubber.nl\/de\/production-un-maschinenpark\/injection-molding\/#primaryimage","url":"https:\/\/artechrubber.nl\/app\/uploads\/2023\/12\/injection-molding.png","contentUrl":"https:\/\/artechrubber.nl\/app\/uploads\/2023\/12\/injection-molding.png"},{"@type":"BreadcrumbList","@id":"https:\/\/artechrubber.nl\/de\/production-un-maschinenpark\/injection-molding\/#breadcrumb","itemListElement":[{"@type":"ListItem","position":1,"name":"Home","item":"https:\/\/artechrubber.nl\/de\/"},{"@type":"ListItem","position":2,"name":"Production un Maschinenpark","item":"https:\/\/artechrubber.nl\/de\/production-un-maschinenpark\/"},{"@type":"ListItem","position":3,"name":"Injection Molding"}]},{"@type":"WebSite","@id":"https:\/\/artechrubber.nl\/de\/#website","url":"https:\/\/artechrubber.nl\/de\/","name":"Artech Rubber","description":"Productie, compoundontwikkeling en matrijzenmakerij onder \u00e9\u00e9n dak","potentialAction":[{"@type":"SearchAction","target":{"@type":"EntryPoint","urlTemplate":"https:\/\/artechrubber.nl\/de\/?s={search_term_string}"},"query-input":{"@type":"PropertyValueSpecification","valueRequired":true,"valueName":"search_term_string"}}],"inLanguage":"de-DE"}]}},"_links":{"self":[{"href":"https:\/\/artechrubber.nl\/de\/wp-json\/wp\/v2\/pages\/594","targetHints":{"allow":["GET"]}}],"collection":[{"href":"https:\/\/artechrubber.nl\/de\/wp-json\/wp\/v2\/pages"}],"about":[{"href":"https:\/\/artechrubber.nl\/de\/wp-json\/wp\/v2\/types\/page"}],"author":[{"embeddable":true,"href":"https:\/\/artechrubber.nl\/de\/wp-json\/wp\/v2\/users\/1"}],"replies":[{"embeddable":true,"href":"https:\/\/artechrubber.nl\/de\/wp-json\/wp\/v2\/comments?post=594"}],"version-history":[{"count":2,"href":"https:\/\/artechrubber.nl\/de\/wp-json\/wp\/v2\/pages\/594\/revisions"}],"predecessor-version":[{"id":809,"href":"https:\/\/artechrubber.nl\/de\/wp-json\/wp\/v2\/pages\/594\/revisions\/809"}],"up":[{"embeddable":true,"href":"https:\/\/artechrubber.nl\/de\/wp-json\/wp\/v2\/pages\/586"}],"wp:attachment":[{"href":"https:\/\/artechrubber.nl\/de\/wp-json\/wp\/v2\/media?parent=594"}],"curies":[{"name":"wp","href":"https:\/\/api.w.org\/{rel}","templated":true}]}}