{"id":618,"date":"2023-12-05T11:17:38","date_gmt":"2023-12-05T10:17:38","guid":{"rendered":"https:\/\/artechrubber.nl\/materialen\/specifieke-compounds\/"},"modified":"2023-12-13T14:38:26","modified_gmt":"2023-12-13T13:38:26","slug":"spezifische-gummi-mischungen","status":"publish","type":"page","link":"https:\/\/artechrubber.nl\/de\/materialen\/spezifische-gummi-mischungen\/","title":{"rendered":"Spezifische Gummi- Mischungen"},"content":{"rendered":"<section class=\"block-standard-page-header relative bg-gray-100 py-7 border-b border-gray-200\">\n    <div class=\"container relative px-4 sm:px-6 lg:px-10 xl:px-16 max-w-[85rem]   \">\n    <div class=\"w-full flex flex-col lg:flex-row lg:justify-between lg:items-center\">\n            <div>\n                <h1 class=\"text-ar-secondary font-bold text-2xl text-center lg:text-start\">\n                    Spezifische Gummi- Mischungen\n                <\/h1>\n            <\/div>\n                            <div>\n                    <div class=\"breadcrumbs-container\"><span><span><a href=\"https:\/\/artechrubber.nl\/de\/\">Home<\/a><\/span><\/span><\/div>                <\/div>\n                    <\/div>\n<\/div>\n<\/section>\n\n\n\n<div style=\"height:40px\" aria-hidden=\"true\" class=\"wp-block-spacer\"><\/div>\n\n\n\n<div class=\"wp-block-columns is-layout-flex wp-container-core-columns-is-layout-9d6595d7 wp-block-columns-is-layout-flex\">\n<div class=\"wp-block-column is-layout-flow wp-block-column-is-layout-flow\" style=\"flex-basis:66.66%\"><div class=\"block-container\"><div class=\"wp-block-paragraph editor-styles\">\n<p>Falls erforderlich kann Artech auch spezielle Werkstoffe f\u00fcr Sie entwickeln.<\/p>\n<\/div><\/div>\n\n<div class=\"block-container\"><div class=\"wp-block-paragraph editor-styles\">\n<p>Verbesserte mechanische Eigenschaften Verformung, Rei\u00dffestigkeit, Rollreibung usw.)<br>Ausgezeichnete Haftung von Gummi auf Metall oder Kunststoff<br>Bessere Hitzebest\u00e4ndigkeit<br>Bessere chemische Best\u00e4ndigkeit<\/p>\n<\/div><\/div>\n\n<div class=\"block-container\"><div class=\"wp-block-paragraph editor-styles\">\n<p>Werkstoffe f\u00fcr branchenspezifische Anforderungen:<\/p>\n<\/div><\/div>\n\n<div class=\"block-container\"><div class=\"wp-block-paragraph editor-styles\">\n<ul class=\"wp-block-list\">\n<li>Nahrungsmittelindustrie (FDA oder EC1935)<\/li>\n\n\n\n<li>Gesundheitswesen oder Pharmaindustrie (USP, VI)<\/li>\n\n\n\n<li>Hochreine Werkstoffe mit niedriger Ausgasung<\/li>\n<\/ul>\n<\/div><\/div><\/div>\n\n\n\n<div class=\"wp-block-column is-layout-flow wp-block-column-is-layout-flow\" style=\"flex-basis:33.33%\"><div class=\"block-container\"><div class=\"wp-block-paragraph editor-styles\">\n<figure class=\"wp-block-image size-full\"><img decoding=\"async\" width=\"499\" height=\"168\" src=\"https:\/\/artechrubber.nl\/app\/uploads\/2023\/12\/materialen-4.jpeg\" alt=\"\" class=\"wp-image-222\" srcset=\"https:\/\/artechrubber.nl\/app\/uploads\/2023\/12\/materialen-4.jpeg 499w, https:\/\/artechrubber.nl\/app\/uploads\/2023\/12\/materialen-4-300x101.jpeg 300w\" sizes=\"(max-width: 499px) 100vw, 499px\" \/><\/figure>\n<\/div><\/div><\/div>\n<\/div>\n\n\n\n<div style=\"height:40px\" aria-hidden=\"true\" class=\"wp-block-spacer\"><\/div>\n","protected":false},"excerpt":{"rendered":"<p>Falls erforderlich kann Artech auch spezielle Werkstoffe f\u00fcr Sie entwickeln. Verbesserte mechanische Eigenschaften Verformung, Rei\u00dffestigkeit, Rollreibung usw.)Ausgezeichnete Haftung von Gummi auf Metall oder KunststoffBessere Hitzebest\u00e4ndigkeitBessere chemische Best\u00e4ndigkeit Werkstoffe f\u00fcr branchenspezifische Anforderungen:<\/p>\n","protected":false},"author":1,"featured_media":0,"parent":614,"menu_order":2,"comment_status":"closed","ping_status":"closed","template":"","meta":{"_acf_changed":false,"footnotes":""},"class_list":["post-618","page","type-page","status-publish","hentry"],"acf":[],"yoast_head":"<!-- This site is optimized with the Yoast SEO plugin v26.8 - https:\/\/yoast.com\/product\/yoast-seo-wordpress\/ -->\n<title>Spezifische Gummi- Mischungen - Artech Rubber<\/title>\n<meta name=\"robots\" content=\"index, follow, max-snippet:-1, max-image-preview:large, max-video-preview:-1\" \/>\n<link rel=\"canonical\" href=\"https:\/\/artechrubber.nl\/de\/materialen\/spezifische-gummi-mischungen\/\" \/>\n<meta property=\"og:locale\" content=\"de_DE\" \/>\n<meta property=\"og:type\" content=\"article\" \/>\n<meta property=\"og:title\" content=\"Spezifische Gummi- Mischungen - Artech Rubber\" \/>\n<meta property=\"og:description\" content=\"Falls erforderlich kann Artech auch spezielle Werkstoffe f\u00fcr Sie entwickeln. Verbesserte mechanische Eigenschaften Verformung, Rei\u00dffestigkeit, Rollreibung usw.)Ausgezeichnete Haftung von Gummi auf Metall oder KunststoffBessere Hitzebest\u00e4ndigkeitBessere chemische Best\u00e4ndigkeit Werkstoffe f\u00fcr branchenspezifische Anforderungen:\" \/>\n<meta property=\"og:url\" content=\"https:\/\/artechrubber.nl\/de\/materialen\/spezifische-gummi-mischungen\/\" \/>\n<meta property=\"og:site_name\" content=\"Artech Rubber\" \/>\n<meta property=\"article:modified_time\" content=\"2023-12-13T13:38:26+00:00\" \/>\n<meta property=\"og:image\" content=\"https:\/\/artechrubber.nl\/app\/uploads\/2023\/12\/materialen-4.jpeg\" \/>\n<meta name=\"twitter:card\" content=\"summary_large_image\" \/>\n<meta name=\"twitter:label1\" content=\"Est. reading time\" \/>\n\t<meta name=\"twitter:data1\" content=\"1 minute\" \/>\n<script type=\"application\/ld+json\" class=\"yoast-schema-graph\">{\"@context\":\"https:\/\/schema.org\",\"@graph\":[{\"@type\":\"WebPage\",\"@id\":\"https:\/\/artechrubber.nl\/de\/materialen\/spezifische-gummi-mischungen\/\",\"url\":\"https:\/\/artechrubber.nl\/de\/materialen\/spezifische-gummi-mischungen\/\",\"name\":\"Spezifische Gummi- Mischungen - Artech Rubber\",\"isPartOf\":{\"@id\":\"https:\/\/artechrubber.nl\/de\/#website\"},\"primaryImageOfPage\":{\"@id\":\"https:\/\/artechrubber.nl\/de\/materialen\/spezifische-gummi-mischungen\/#primaryimage\"},\"image\":{\"@id\":\"https:\/\/artechrubber.nl\/de\/materialen\/spezifische-gummi-mischungen\/#primaryimage\"},\"thumbnailUrl\":\"https:\/\/artechrubber.nl\/app\/uploads\/2023\/12\/materialen-4.jpeg\",\"datePublished\":\"2023-12-05T10:17:38+00:00\",\"dateModified\":\"2023-12-13T13:38:26+00:00\",\"breadcrumb\":{\"@id\":\"https:\/\/artechrubber.nl\/de\/materialen\/spezifische-gummi-mischungen\/#breadcrumb\"},\"inLanguage\":\"de-DE\",\"potentialAction\":[{\"@type\":\"ReadAction\",\"target\":[\"https:\/\/artechrubber.nl\/de\/materialen\/spezifische-gummi-mischungen\/\"]}]},{\"@type\":\"ImageObject\",\"inLanguage\":\"de-DE\",\"@id\":\"https:\/\/artechrubber.nl\/de\/materialen\/spezifische-gummi-mischungen\/#primaryimage\",\"url\":\"https:\/\/artechrubber.nl\/app\/uploads\/2023\/12\/materialen-4.jpeg\",\"contentUrl\":\"https:\/\/artechrubber.nl\/app\/uploads\/2023\/12\/materialen-4.jpeg\"},{\"@type\":\"BreadcrumbList\",\"@id\":\"https:\/\/artechrubber.nl\/de\/materialen\/spezifische-gummi-mischungen\/#breadcrumb\",\"itemListElement\":[{\"@type\":\"ListItem\",\"position\":1,\"name\":\"Home\",\"item\":\"https:\/\/artechrubber.nl\/de\/\"},{\"@type\":\"ListItem\",\"position\":2,\"name\":\"Materialien\",\"item\":\"https:\/\/artechrubber.nl\/de\/materialen\/\"},{\"@type\":\"ListItem\",\"position\":3,\"name\":\"Spezifische Gummi- Mischungen\"}]},{\"@type\":\"WebSite\",\"@id\":\"https:\/\/artechrubber.nl\/de\/#website\",\"url\":\"https:\/\/artechrubber.nl\/de\/\",\"name\":\"Artech Rubber\",\"description\":\"Productie, compoundontwikkeling en matrijzenmakerij onder \u00e9\u00e9n dak\",\"potentialAction\":[{\"@type\":\"SearchAction\",\"target\":{\"@type\":\"EntryPoint\",\"urlTemplate\":\"https:\/\/artechrubber.nl\/de\/?s={search_term_string}\"},\"query-input\":{\"@type\":\"PropertyValueSpecification\",\"valueRequired\":true,\"valueName\":\"search_term_string\"}}],\"inLanguage\":\"de-DE\"}]}<\/script>\n<!-- \/ Yoast SEO plugin. -->","yoast_head_json":{"title":"Spezifische Gummi- Mischungen - Artech Rubber","robots":{"index":"index","follow":"follow","max-snippet":"max-snippet:-1","max-image-preview":"max-image-preview:large","max-video-preview":"max-video-preview:-1"},"canonical":"https:\/\/artechrubber.nl\/de\/materialen\/spezifische-gummi-mischungen\/","og_locale":"de_DE","og_type":"article","og_title":"Spezifische Gummi- Mischungen - Artech Rubber","og_description":"Falls erforderlich kann Artech auch spezielle Werkstoffe f\u00fcr Sie entwickeln. Verbesserte mechanische Eigenschaften Verformung, Rei\u00dffestigkeit, Rollreibung usw.)Ausgezeichnete Haftung von Gummi auf Metall oder KunststoffBessere Hitzebest\u00e4ndigkeitBessere chemische Best\u00e4ndigkeit Werkstoffe f\u00fcr branchenspezifische Anforderungen:","og_url":"https:\/\/artechrubber.nl\/de\/materialen\/spezifische-gummi-mischungen\/","og_site_name":"Artech Rubber","article_modified_time":"2023-12-13T13:38:26+00:00","og_image":[{"url":"https:\/\/artechrubber.nl\/app\/uploads\/2023\/12\/materialen-4.jpeg","type":"","width":"","height":""}],"twitter_card":"summary_large_image","twitter_misc":{"Est. reading time":"1 minute"},"schema":{"@context":"https:\/\/schema.org","@graph":[{"@type":"WebPage","@id":"https:\/\/artechrubber.nl\/de\/materialen\/spezifische-gummi-mischungen\/","url":"https:\/\/artechrubber.nl\/de\/materialen\/spezifische-gummi-mischungen\/","name":"Spezifische Gummi- Mischungen - Artech Rubber","isPartOf":{"@id":"https:\/\/artechrubber.nl\/de\/#website"},"primaryImageOfPage":{"@id":"https:\/\/artechrubber.nl\/de\/materialen\/spezifische-gummi-mischungen\/#primaryimage"},"image":{"@id":"https:\/\/artechrubber.nl\/de\/materialen\/spezifische-gummi-mischungen\/#primaryimage"},"thumbnailUrl":"https:\/\/artechrubber.nl\/app\/uploads\/2023\/12\/materialen-4.jpeg","datePublished":"2023-12-05T10:17:38+00:00","dateModified":"2023-12-13T13:38:26+00:00","breadcrumb":{"@id":"https:\/\/artechrubber.nl\/de\/materialen\/spezifische-gummi-mischungen\/#breadcrumb"},"inLanguage":"de-DE","potentialAction":[{"@type":"ReadAction","target":["https:\/\/artechrubber.nl\/de\/materialen\/spezifische-gummi-mischungen\/"]}]},{"@type":"ImageObject","inLanguage":"de-DE","@id":"https:\/\/artechrubber.nl\/de\/materialen\/spezifische-gummi-mischungen\/#primaryimage","url":"https:\/\/artechrubber.nl\/app\/uploads\/2023\/12\/materialen-4.jpeg","contentUrl":"https:\/\/artechrubber.nl\/app\/uploads\/2023\/12\/materialen-4.jpeg"},{"@type":"BreadcrumbList","@id":"https:\/\/artechrubber.nl\/de\/materialen\/spezifische-gummi-mischungen\/#breadcrumb","itemListElement":[{"@type":"ListItem","position":1,"name":"Home","item":"https:\/\/artechrubber.nl\/de\/"},{"@type":"ListItem","position":2,"name":"Materialien","item":"https:\/\/artechrubber.nl\/de\/materialen\/"},{"@type":"ListItem","position":3,"name":"Spezifische Gummi- Mischungen"}]},{"@type":"WebSite","@id":"https:\/\/artechrubber.nl\/de\/#website","url":"https:\/\/artechrubber.nl\/de\/","name":"Artech Rubber","description":"Productie, compoundontwikkeling en matrijzenmakerij onder \u00e9\u00e9n dak","potentialAction":[{"@type":"SearchAction","target":{"@type":"EntryPoint","urlTemplate":"https:\/\/artechrubber.nl\/de\/?s={search_term_string}"},"query-input":{"@type":"PropertyValueSpecification","valueRequired":true,"valueName":"search_term_string"}}],"inLanguage":"de-DE"}]}},"_links":{"self":[{"href":"https:\/\/artechrubber.nl\/de\/wp-json\/wp\/v2\/pages\/618","targetHints":{"allow":["GET"]}}],"collection":[{"href":"https:\/\/artechrubber.nl\/de\/wp-json\/wp\/v2\/pages"}],"about":[{"href":"https:\/\/artechrubber.nl\/de\/wp-json\/wp\/v2\/types\/page"}],"author":[{"embeddable":true,"href":"https:\/\/artechrubber.nl\/de\/wp-json\/wp\/v2\/users\/1"}],"replies":[{"embeddable":true,"href":"https:\/\/artechrubber.nl\/de\/wp-json\/wp\/v2\/comments?post=618"}],"version-history":[{"count":1,"href":"https:\/\/artechrubber.nl\/de\/wp-json\/wp\/v2\/pages\/618\/revisions"}],"predecessor-version":[{"id":812,"href":"https:\/\/artechrubber.nl\/de\/wp-json\/wp\/v2\/pages\/618\/revisions\/812"}],"up":[{"embeddable":true,"href":"https:\/\/artechrubber.nl\/de\/wp-json\/wp\/v2\/pages\/614"}],"wp:attachment":[{"href":"https:\/\/artechrubber.nl\/de\/wp-json\/wp\/v2\/media?parent=618"}],"curies":[{"name":"wp","href":"https:\/\/api.w.org\/{rel}","templated":true}]}}