{"id":627,"date":"2023-12-05T11:21:08","date_gmt":"2023-12-05T10:21:08","guid":{"rendered":"https:\/\/artechrubber.nl\/matrijzen\/"},"modified":"2024-08-12T13:19:54","modified_gmt":"2024-08-12T11:19:54","slug":"werkzeugedesign","status":"publish","type":"page","link":"https:\/\/artechrubber.nl\/de\/werkzeugedesign\/","title":{"rendered":"Werkzeugedesign"},"content":{"rendered":"<section class=\"block-standard-page-header relative bg-gray-100 py-7 border-b border-gray-200\">\n    <div class=\"container relative px-4 sm:px-6 lg:px-10 xl:px-16 max-w-[85rem]   \">\n    <div class=\"w-full flex flex-col lg:flex-row lg:justify-between lg:items-center\">\n            <div>\n                <h1 class=\"text-ar-secondary font-bold text-2xl text-center lg:text-start\">\n                    Werkzeugedesign\n                <\/h1>\n            <\/div>\n                            <div>\n                    <div class=\"breadcrumbs-container\"><span><span><a href=\"https:\/\/artechrubber.nl\/de\/\">Home<\/a><\/span><\/span><\/div>                <\/div>\n                    <\/div>\n<\/div>\n<\/section>\n\n\n\n<div style=\"height:40px\" aria-hidden=\"true\" class=\"wp-block-spacer\"><\/div>\n\n\n\n<div class=\"wp-block-columns is-layout-flex wp-container-core-columns-is-layout-9d6595d7 wp-block-columns-is-layout-flex\">\n<div class=\"wp-block-column is-layout-flow wp-block-column-is-layout-flow\" style=\"flex-basis:66.66%\"><div class=\"block-container\"><div class=\"wp-block-paragraph editor-styles\">\n<p>Artech Rubber k\u00fcmmert sich um das Design und die Konstruktion Ihrer Formen. In unserer hauseigenen, hervorragend ausgestatteten Werkstatt fertigen wir die Formen selbst. Auch TPE-Formen werden im eigenen Haus hergestellt.<\/p>\n<\/div><\/div>\n\n<div class=\"block-container\"><div class=\"wp-block-paragraph editor-styles\">\n<p>In unserer eigenen Werkstatt k\u00f6nnen wir drehen, fr\u00e4sen, Funkenerodieren, bohren und Gewinde schneiden: alles was man braucht, um gute Formen zu machen.<br>Nat\u00fcrlich sind unsere Maschinen CNC-gesteuert, das garantiert die richtige Pr\u00e4zision.<\/p>\n<\/div><\/div>\n\n<div class=\"block-container\"><div class=\"wp-block-paragraph editor-styles\">\n<p>Unsere Techniker fertigen Formen f\u00fcr <strong>Compression Moulding, Transfer-Injection und Injection Moulding<\/strong>, sowohl <strong>einzeln<\/strong> als auch <strong>mehrfach<\/strong>. Auf Wunsch konvertieren wir auch bestehende Formen von einzelner zu mehrfacher oder machen Formen geeignet f\u00fcr Injection Moulding. Da wir diese Anpassungen im eigenen Haus vornehmen k\u00f6nnen, k\u00f6nnen wir bei steigender Nachfrage schnell auf gr\u00f6\u00dfere Serien skalieren.<\/p>\n<\/div><\/div>\n\n<div class=\"block-container\"><div class=\"wp-block-paragraph editor-styles\">\n<p>Mit dem Wissen der Verarbeitung von Gummi, verschiedener Produktionstechniken und eigenem Formenbau bietet Artech Rubber ein klarer Vorsprung. Ein Vorsprung durch M\u00f6glichkeiten, Geschwindigkeit und Machbarkeit. Dieser Vorteil bedeutet f\u00fcr den Kunden, dass wir die Produktionstechnik schnell wechseln k\u00f6nnen und ein optimales Preis-Leistungs-Verh\u00e4ltnis bieten.<\/p>\n<\/div><\/div><\/div>\n\n\n\n<div class=\"wp-block-column is-layout-flow wp-block-column-is-layout-flow\" style=\"flex-basis:33.33%\"><div class=\"block-container\"><div class=\"wp-block-paragraph editor-styles\">\n<figure class=\"wp-block-image size-large\"><img decoding=\"async\" width=\"1024\" height=\"554\" src=\"https:\/\/artechrubber.nl\/app\/uploads\/2023\/12\/matrijs-met-zwevende-kern-1024x554.jpeg\" alt=\"Matrijs met zwevende kern\" class=\"wp-image-238\" srcset=\"https:\/\/artechrubber.nl\/app\/uploads\/2023\/12\/matrijs-met-zwevende-kern-1024x554.jpeg 1024w, https:\/\/artechrubber.nl\/app\/uploads\/2023\/12\/matrijs-met-zwevende-kern-300x162.jpeg 300w, https:\/\/artechrubber.nl\/app\/uploads\/2023\/12\/matrijs-met-zwevende-kern-768x415.jpeg 768w, https:\/\/artechrubber.nl\/app\/uploads\/2023\/12\/matrijs-met-zwevende-kern-1536x831.jpeg 1536w, https:\/\/artechrubber.nl\/app\/uploads\/2023\/12\/matrijs-met-zwevende-kern.jpeg 1603w\" sizes=\"(max-width: 1024px) 100vw, 1024px\" \/><\/figure>\n<\/div><\/div>\n\n<div class=\"block-container\"><div class=\"wp-block-paragraph editor-styles\">\n<p>Form mit schwimmendem Kern<\/p>\n<\/div><\/div>\n\n<div class=\"block-container\"><div class=\"wp-block-paragraph editor-styles\">\n<figure class=\"wp-block-image size-full\"><img decoding=\"async\" width=\"981\" height=\"552\" src=\"https:\/\/artechrubber.nl\/app\/uploads\/2023\/12\/cnc-gestuurde-draaibank.png\" alt=\"CNC-gestuurde draaibank\" class=\"wp-image-237\" srcset=\"https:\/\/artechrubber.nl\/app\/uploads\/2023\/12\/cnc-gestuurde-draaibank.png 981w, https:\/\/artechrubber.nl\/app\/uploads\/2023\/12\/cnc-gestuurde-draaibank-300x169.png 300w, https:\/\/artechrubber.nl\/app\/uploads\/2023\/12\/cnc-gestuurde-draaibank-768x432.png 768w\" sizes=\"(max-width: 981px) 100vw, 981px\" \/><\/figure>\n<\/div><\/div>\n\n<div class=\"block-container\"><div class=\"wp-block-paragraph editor-styles\">\n<p>CNC gesteuerte Drehmaschine<\/p>\n<\/div><\/div><\/div>\n<\/div>\n\n\n\n<div style=\"height:40px\" aria-hidden=\"true\" class=\"wp-block-spacer\"><\/div>\n","protected":false},"excerpt":{"rendered":"<p>Artech Rubber k\u00fcmmert sich um das Design und die Konstruktion Ihrer Formen. In unserer hauseigenen, hervorragend ausgestatteten Werkstatt fertigen wir die Formen selbst. Auch TPE-Formen werden im eigenen Haus hergestellt. In unserer eigenen Werkstatt k\u00f6nnen wir drehen, fr\u00e4sen, Funkenerodieren, bohren und Gewinde schneiden: alles was man braucht, um gute Formen zu machen.Nat\u00fcrlich sind unsere Maschinen &hellip; <a href=\"https:\/\/artechrubber.nl\/de\/werkzeugedesign\/\">Lees verder<\/a><\/p>\n","protected":false},"author":1,"featured_media":0,"parent":0,"menu_order":16,"comment_status":"closed","ping_status":"closed","template":"","meta":{"_acf_changed":false,"footnotes":""},"class_list":["post-627","page","type-page","status-publish","hentry"],"acf":[],"yoast_head":"<!-- This site is optimized with the Yoast SEO plugin v26.8 - https:\/\/yoast.com\/product\/yoast-seo-wordpress\/ -->\n<title>Werkzeugedesign - Artech Rubber<\/title>\n<meta name=\"robots\" content=\"index, follow, max-snippet:-1, max-image-preview:large, max-video-preview:-1\" \/>\n<link rel=\"canonical\" href=\"https:\/\/artechrubber.nl\/de\/werkzeugedesign\/\" \/>\n<meta property=\"og:locale\" content=\"de_DE\" \/>\n<meta property=\"og:type\" content=\"article\" \/>\n<meta property=\"og:title\" content=\"Werkzeugedesign - Artech Rubber\" \/>\n<meta property=\"og:description\" content=\"Artech Rubber k\u00fcmmert sich um das Design und die Konstruktion Ihrer Formen. In unserer hauseigenen, hervorragend ausgestatteten Werkstatt fertigen wir die Formen selbst. Auch TPE-Formen werden im eigenen Haus hergestellt. In unserer eigenen Werkstatt k\u00f6nnen wir drehen, fr\u00e4sen, Funkenerodieren, bohren und Gewinde schneiden: alles was man braucht, um gute Formen zu machen.Nat\u00fcrlich sind unsere Maschinen &hellip; Lees verder\" \/>\n<meta property=\"og:url\" content=\"https:\/\/artechrubber.nl\/de\/werkzeugedesign\/\" \/>\n<meta property=\"og:site_name\" content=\"Artech Rubber\" \/>\n<meta property=\"article:modified_time\" content=\"2024-08-12T11:19:54+00:00\" \/>\n<meta property=\"og:image\" content=\"https:\/\/artechrubber.nl\/app\/uploads\/2023\/12\/matrijs-met-zwevende-kern-1024x554.jpeg\" \/>\n<meta name=\"twitter:card\" content=\"summary_large_image\" \/>\n<meta name=\"twitter:label1\" content=\"Est. reading time\" \/>\n\t<meta name=\"twitter:data1\" content=\"2 minutes\" \/>\n<script type=\"application\/ld+json\" class=\"yoast-schema-graph\">{\"@context\":\"https:\/\/schema.org\",\"@graph\":[{\"@type\":\"WebPage\",\"@id\":\"https:\/\/artechrubber.nl\/de\/werkzeugedesign\/\",\"url\":\"https:\/\/artechrubber.nl\/de\/werkzeugedesign\/\",\"name\":\"Werkzeugedesign - Artech Rubber\",\"isPartOf\":{\"@id\":\"https:\/\/artechrubber.nl\/de\/#website\"},\"primaryImageOfPage\":{\"@id\":\"https:\/\/artechrubber.nl\/de\/werkzeugedesign\/#primaryimage\"},\"image\":{\"@id\":\"https:\/\/artechrubber.nl\/de\/werkzeugedesign\/#primaryimage\"},\"thumbnailUrl\":\"https:\/\/artechrubber.nl\/app\/uploads\/2023\/12\/matrijs-met-zwevende-kern-1024x554.jpeg\",\"datePublished\":\"2023-12-05T10:21:08+00:00\",\"dateModified\":\"2024-08-12T11:19:54+00:00\",\"breadcrumb\":{\"@id\":\"https:\/\/artechrubber.nl\/de\/werkzeugedesign\/#breadcrumb\"},\"inLanguage\":\"de-DE\",\"potentialAction\":[{\"@type\":\"ReadAction\",\"target\":[\"https:\/\/artechrubber.nl\/de\/werkzeugedesign\/\"]}]},{\"@type\":\"ImageObject\",\"inLanguage\":\"de-DE\",\"@id\":\"https:\/\/artechrubber.nl\/de\/werkzeugedesign\/#primaryimage\",\"url\":\"https:\/\/artechrubber.nl\/app\/uploads\/2023\/12\/matrijs-met-zwevende-kern-1024x554.jpeg\",\"contentUrl\":\"https:\/\/artechrubber.nl\/app\/uploads\/2023\/12\/matrijs-met-zwevende-kern-1024x554.jpeg\"},{\"@type\":\"BreadcrumbList\",\"@id\":\"https:\/\/artechrubber.nl\/de\/werkzeugedesign\/#breadcrumb\",\"itemListElement\":[{\"@type\":\"ListItem\",\"position\":1,\"name\":\"Home\",\"item\":\"https:\/\/artechrubber.nl\/de\/\"},{\"@type\":\"ListItem\",\"position\":2,\"name\":\"Werkzeugedesign\"}]},{\"@type\":\"WebSite\",\"@id\":\"https:\/\/artechrubber.nl\/de\/#website\",\"url\":\"https:\/\/artechrubber.nl\/de\/\",\"name\":\"Artech Rubber\",\"description\":\"Productie, compoundontwikkeling en matrijzenmakerij onder \u00e9\u00e9n dak\",\"potentialAction\":[{\"@type\":\"SearchAction\",\"target\":{\"@type\":\"EntryPoint\",\"urlTemplate\":\"https:\/\/artechrubber.nl\/de\/?s={search_term_string}\"},\"query-input\":{\"@type\":\"PropertyValueSpecification\",\"valueRequired\":true,\"valueName\":\"search_term_string\"}}],\"inLanguage\":\"de-DE\"}]}<\/script>\n<!-- \/ Yoast SEO plugin. -->","yoast_head_json":{"title":"Werkzeugedesign - Artech Rubber","robots":{"index":"index","follow":"follow","max-snippet":"max-snippet:-1","max-image-preview":"max-image-preview:large","max-video-preview":"max-video-preview:-1"},"canonical":"https:\/\/artechrubber.nl\/de\/werkzeugedesign\/","og_locale":"de_DE","og_type":"article","og_title":"Werkzeugedesign - Artech Rubber","og_description":"Artech Rubber k\u00fcmmert sich um das Design und die Konstruktion Ihrer Formen. In unserer hauseigenen, hervorragend ausgestatteten Werkstatt fertigen wir die Formen selbst. Auch TPE-Formen werden im eigenen Haus hergestellt. In unserer eigenen Werkstatt k\u00f6nnen wir drehen, fr\u00e4sen, Funkenerodieren, bohren und Gewinde schneiden: alles was man braucht, um gute Formen zu machen.Nat\u00fcrlich sind unsere Maschinen &hellip; Lees verder","og_url":"https:\/\/artechrubber.nl\/de\/werkzeugedesign\/","og_site_name":"Artech Rubber","article_modified_time":"2024-08-12T11:19:54+00:00","og_image":[{"url":"https:\/\/artechrubber.nl\/app\/uploads\/2023\/12\/matrijs-met-zwevende-kern-1024x554.jpeg","type":"","width":"","height":""}],"twitter_card":"summary_large_image","twitter_misc":{"Est. reading time":"2 minutes"},"schema":{"@context":"https:\/\/schema.org","@graph":[{"@type":"WebPage","@id":"https:\/\/artechrubber.nl\/de\/werkzeugedesign\/","url":"https:\/\/artechrubber.nl\/de\/werkzeugedesign\/","name":"Werkzeugedesign - Artech Rubber","isPartOf":{"@id":"https:\/\/artechrubber.nl\/de\/#website"},"primaryImageOfPage":{"@id":"https:\/\/artechrubber.nl\/de\/werkzeugedesign\/#primaryimage"},"image":{"@id":"https:\/\/artechrubber.nl\/de\/werkzeugedesign\/#primaryimage"},"thumbnailUrl":"https:\/\/artechrubber.nl\/app\/uploads\/2023\/12\/matrijs-met-zwevende-kern-1024x554.jpeg","datePublished":"2023-12-05T10:21:08+00:00","dateModified":"2024-08-12T11:19:54+00:00","breadcrumb":{"@id":"https:\/\/artechrubber.nl\/de\/werkzeugedesign\/#breadcrumb"},"inLanguage":"de-DE","potentialAction":[{"@type":"ReadAction","target":["https:\/\/artechrubber.nl\/de\/werkzeugedesign\/"]}]},{"@type":"ImageObject","inLanguage":"de-DE","@id":"https:\/\/artechrubber.nl\/de\/werkzeugedesign\/#primaryimage","url":"https:\/\/artechrubber.nl\/app\/uploads\/2023\/12\/matrijs-met-zwevende-kern-1024x554.jpeg","contentUrl":"https:\/\/artechrubber.nl\/app\/uploads\/2023\/12\/matrijs-met-zwevende-kern-1024x554.jpeg"},{"@type":"BreadcrumbList","@id":"https:\/\/artechrubber.nl\/de\/werkzeugedesign\/#breadcrumb","itemListElement":[{"@type":"ListItem","position":1,"name":"Home","item":"https:\/\/artechrubber.nl\/de\/"},{"@type":"ListItem","position":2,"name":"Werkzeugedesign"}]},{"@type":"WebSite","@id":"https:\/\/artechrubber.nl\/de\/#website","url":"https:\/\/artechrubber.nl\/de\/","name":"Artech Rubber","description":"Productie, compoundontwikkeling en matrijzenmakerij onder \u00e9\u00e9n dak","potentialAction":[{"@type":"SearchAction","target":{"@type":"EntryPoint","urlTemplate":"https:\/\/artechrubber.nl\/de\/?s={search_term_string}"},"query-input":{"@type":"PropertyValueSpecification","valueRequired":true,"valueName":"search_term_string"}}],"inLanguage":"de-DE"}]}},"_links":{"self":[{"href":"https:\/\/artechrubber.nl\/de\/wp-json\/wp\/v2\/pages\/627","targetHints":{"allow":["GET"]}}],"collection":[{"href":"https:\/\/artechrubber.nl\/de\/wp-json\/wp\/v2\/pages"}],"about":[{"href":"https:\/\/artechrubber.nl\/de\/wp-json\/wp\/v2\/types\/page"}],"author":[{"embeddable":true,"href":"https:\/\/artechrubber.nl\/de\/wp-json\/wp\/v2\/users\/1"}],"replies":[{"embeddable":true,"href":"https:\/\/artechrubber.nl\/de\/wp-json\/wp\/v2\/comments?post=627"}],"version-history":[{"count":2,"href":"https:\/\/artechrubber.nl\/de\/wp-json\/wp\/v2\/pages\/627\/revisions"}],"predecessor-version":[{"id":811,"href":"https:\/\/artechrubber.nl\/de\/wp-json\/wp\/v2\/pages\/627\/revisions\/811"}],"wp:attachment":[{"href":"https:\/\/artechrubber.nl\/de\/wp-json\/wp\/v2\/media?parent=627"}],"curies":[{"name":"wp","href":"https:\/\/api.w.org\/{rel}","templated":true}]}}